{"id":51,"date":"2020-06-11T21:16:18","date_gmt":"2020-06-11T21:16:18","guid":{"rendered":"http:\/\/diegrenze.org\/?page_id=51"},"modified":"2020-06-26T19:38:26","modified_gmt":"2020-06-26T17:38:26","slug":"willkommen-zu-diegrenze","status":"publish","type":"page","link":"https:\/\/diegrenze.org\/","title":{"rendered":"Willkommen zu Die Grenze"},"content":{"rendered":"<div class=\"n2_clear\"><ss3-force-full-width data-overflow-x=\"body\" data-horizontal-selector=\"body\"><div class=\"n2-section-smartslider fitvidsignore  n2_clear\" data-ssid=\"4\" tabindex=\"0\" role=\"region\" aria-label=\"Slider\"><div id=\"n2-ss-4-align\" class=\"n2-ss-align\"><div class=\"n2-padding\"><div id=\"n2-ss-4\" data-creator=\"Smart Slider 3\" data-responsive=\"fullwidth\" class=\"n2-ss-slider n2-ow n2-has-hover n2notransition  \">\n\n\n\n<div class=\"n2-ss-slider-wrapper-inside\">\n        <div class=\"n2-ss-slider-1 n2_ss__touch_element n2-ow\">\n            <div class=\"n2-ss-slider-2 n2-ow\">\n                                                <div class=\"n2-ss-slider-3 n2-ow\">\n\n                    <div class=\"n2-ss-slide-backgrounds n2-ow-all\"><div class=\"n2-ss-slide-background\" data-public-id=\"1\" data-mode=\"blurfit\"><div class=\"n2-ss-slide-background-image\" data-blur=\"0\" data-opacity=\"100\" data-x=\"51\" data-y=\"25\" data-alt=\"\" data-title=\"\" style=\"margin:-14px;padding:14px\" data-globalblur=\"7\" data-bgblur=\"7\"><picture style=\"filter:blur(7px)\" class=\"skip-lazy\" data-skip-lazy=\"1\"><img decoding=\"async\" src=\"https:\/\/diegrenze.org\/wp-content\/uploads\/2026\/01\/gergana-baleva-2.jpeg\" alt=\"\" title=\"\" loading=\"lazy\" class=\"skip-lazy\" data-skip-lazy=\"1\"><\/picture><\/div><div class=\"n2-ss-slide-background-image\" data-blur=\"0\" data-opacity=\"100\" data-x=\"51\" data-y=\"25\" data-alt=\"\" data-title=\"\" style=\"--ss-o-pos-x:51%;--ss-o-pos-y:25%\"><picture class=\"skip-lazy\" data-skip-lazy=\"1\"><img decoding=\"async\" src=\"https:\/\/diegrenze.org\/wp-content\/uploads\/2026\/01\/gergana-baleva-2.jpeg\" alt=\"\" title=\"\" loading=\"lazy\" class=\"skip-lazy\" data-skip-lazy=\"1\"><\/picture><\/div><div data-color=\"RGBA(0,0,0,1)\" style=\"background-color: RGBA(0,0,0,1);\" class=\"n2-ss-slide-background-color\"><\/div><\/div><div class=\"n2-ss-slide-background\" data-public-id=\"2\" data-mode=\"blurfit\"><div class=\"n2-ss-slide-background-image\" data-blur=\"0\" data-opacity=\"90\" data-x=\"51\" data-y=\"11\" data-alt=\"The Dorm Room\" data-title=\"The Dorm Room\" style=\"margin:-14px;padding:14px\" data-globalblur=\"7\" data-bgblur=\"7\"><picture style=\"filter:blur(7px)\" class=\"skip-lazy\" data-skip-lazy=\"1\"><img decoding=\"async\" src=\"https:\/\/diegrenze.org\/wp-content\/uploads\/2025\/10\/TheDormRoom-Band.jpeg\" alt=\"The Dorm Room\" title=\"The Dorm Room\" loading=\"lazy\" class=\"skip-lazy\" data-skip-lazy=\"1\"><\/picture><\/div><div class=\"n2-ss-slide-background-image\" data-blur=\"0\" data-opacity=\"90\" data-x=\"51\" data-y=\"11\" data-alt=\"The Dorm Room\" data-title=\"The Dorm Room\" style=\"opacity:0.9;--ss-o-pos-x:51%;--ss-o-pos-y:11%\"><picture class=\"skip-lazy\" data-skip-lazy=\"1\"><img decoding=\"async\" src=\"https:\/\/diegrenze.org\/wp-content\/uploads\/2025\/10\/TheDormRoom-Band.jpeg\" alt=\"The Dorm Room\" title=\"The Dorm Room\" loading=\"lazy\" class=\"skip-lazy\" data-skip-lazy=\"1\"><\/picture><\/div><div data-color=\"RGBA(0,0,0,1)\" style=\"background-color: RGBA(0,0,0,1);\" class=\"n2-ss-slide-background-color\"><\/div><\/div><div class=\"n2-ss-slide-background\" data-public-id=\"3\" data-mode=\"blurfit\"><div class=\"n2-ss-slide-background-image\" data-blur=\"0\" data-opacity=\"100\" data-x=\"49\" data-y=\"15\" data-alt=\"\" data-title=\"\" style=\"margin:-14px;padding:14px\" data-globalblur=\"7\" data-bgblur=\"7\"><picture style=\"filter:blur(7px)\" class=\"skip-lazy\" data-skip-lazy=\"1\"><img decoding=\"async\" src=\"https:\/\/diegrenze.org\/wp-content\/uploads\/2025\/02\/Photo2-\u00a9VP-scaled.jpg\" alt=\"\" title=\"\" loading=\"lazy\" class=\"skip-lazy\" data-skip-lazy=\"1\"><\/picture><\/div><div class=\"n2-ss-slide-background-image\" data-blur=\"0\" data-opacity=\"100\" data-x=\"49\" data-y=\"15\" data-alt=\"\" data-title=\"\" style=\"--ss-o-pos-x:49%;--ss-o-pos-y:15%\"><picture class=\"skip-lazy\" data-skip-lazy=\"1\"><img decoding=\"async\" src=\"https:\/\/diegrenze.org\/wp-content\/uploads\/2025\/02\/Photo2-\u00a9VP-scaled.jpg\" alt=\"\" title=\"\" loading=\"lazy\" class=\"skip-lazy\" data-skip-lazy=\"1\"><\/picture><\/div><div data-color=\"RGBA(0,0,0,1)\" style=\"background-color: RGBA(0,0,0,1);\" class=\"n2-ss-slide-background-color\"><\/div><\/div><div class=\"n2-ss-slide-background\" data-public-id=\"4\" data-mode=\"blurfit\"><div class=\"n2-ss-slide-background-image\" data-blur=\"0\" data-opacity=\"90\" data-x=\"55\" data-y=\"36\" data-alt=\"\" data-title=\"\" style=\"margin:-14px;padding:14px\" data-globalblur=\"7\" data-bgblur=\"7\"><picture style=\"filter:blur(7px)\" class=\"skip-lazy\" data-skip-lazy=\"1\"><img decoding=\"async\" src=\"https:\/\/diegrenze.org\/wp-content\/uploads\/2024\/09\/Tamanna-Yasmin-photo-1-min.jpg\" alt=\"\" title=\"\" loading=\"lazy\" class=\"skip-lazy\" data-skip-lazy=\"1\"><\/picture><\/div><div class=\"n2-ss-slide-background-image\" data-blur=\"0\" data-opacity=\"90\" data-x=\"55\" data-y=\"36\" data-alt=\"\" data-title=\"\" style=\"opacity:0.9;--ss-o-pos-x:55%;--ss-o-pos-y:36%\"><picture class=\"skip-lazy\" data-skip-lazy=\"1\"><img decoding=\"async\" src=\"https:\/\/diegrenze.org\/wp-content\/uploads\/2024\/09\/Tamanna-Yasmin-photo-1-min.jpg\" alt=\"\" title=\"\" loading=\"lazy\" class=\"skip-lazy\" data-skip-lazy=\"1\"><\/picture><\/div><div data-color=\"RGBA(0,0,0,1)\" style=\"background-color: RGBA(0,0,0,1);\" class=\"n2-ss-slide-background-color\"><\/div><\/div><div class=\"n2-ss-slide-background\" data-public-id=\"5\" data-mode=\"blurfit\"><div class=\"n2-ss-slide-background-image\" data-blur=\"0\" data-opacity=\"90\" data-x=\"50\" data-y=\"31\" data-alt=\"\" data-title=\"\" style=\"margin:-14px;padding:14px\" data-globalblur=\"7\" data-bgblur=\"7\"><picture style=\"filter:blur(7px)\" class=\"skip-lazy\" data-skip-lazy=\"1\"><img decoding=\"async\" src=\"https:\/\/diegrenze.org\/wp-content\/uploads\/2023\/08\/Mousa-Acharki-\u00a9DieGrenze-min-1-scaled.jpg\" alt=\"\" title=\"\" loading=\"lazy\" class=\"skip-lazy\" data-skip-lazy=\"1\"><\/picture><\/div><div class=\"n2-ss-slide-background-image\" data-blur=\"0\" data-opacity=\"90\" data-x=\"50\" data-y=\"31\" data-alt=\"\" data-title=\"\" style=\"opacity:0.9;--ss-o-pos-y:31%\"><picture class=\"skip-lazy\" data-skip-lazy=\"1\"><img decoding=\"async\" src=\"https:\/\/diegrenze.org\/wp-content\/uploads\/2023\/08\/Mousa-Acharki-\u00a9DieGrenze-min-1-scaled.jpg\" alt=\"\" title=\"\" loading=\"lazy\" class=\"skip-lazy\" data-skip-lazy=\"1\"><\/picture><\/div><div data-color=\"RGBA(0,0,0,1)\" style=\"background-color: RGBA(0,0,0,1);\" class=\"n2-ss-slide-background-color\"><\/div><\/div><\/div>                    <div class=\"n2-ss-slider-4 n2-ow\">\n                        <svg xmlns=\"http:\/\/www.w3.org\/2000\/svg\" viewBox=\"0 0 1200 600\" data-related-device=\"desktopPortrait\" class=\"n2-ow n2-ss-preserve-size n2-ss-preserve-size--slider n2-ss-slide-limiter\"><\/svg><div data-first=\"1\" data-slide-duration=\"0\" data-id=\"51\" data-slide-public-id=\"1\" data-title=\"&amp;#8220;Anders sehen &amp;#8211; inklusiv gestalten&amp;#8221;: Eine Br\u00fcckenbauerin f\u00fcr Bonn\" class=\"n2-ss-slide n2-ow  n2-ss-slide-51\"><div role=\"note\" class=\"n2-ss-slide--focus\" tabindex=\"-1\">&#8220;Anders sehen &#8211; inklusiv gestalten&#8221;: Eine Br\u00fcckenbauerin f\u00fcr Bonn<\/div><div class=\"n2-ss-layers-container n2-ss-slide-limiter n2-ow\"><div class=\"n2-ss-layer n2-ow n-uc-LSZrIbU948Wb\" data-sstype=\"slide\" data-pm=\"default\"><div class=\"n2-ss-layer n2-ow n-uc-4fosoTlT3By5\" data-pm=\"default\" data-sstype=\"content\" data-hasbackground=\"0\"><div class=\"n2-ss-section-main-content n2-ss-layer-with-background n2-ss-layer-content n2-ow n-uc-4fosoTlT3By5-inner\"><div class=\"n2-ss-layer n2-ow n-uc-hwRzhUVvp9w4\" data-pm=\"normal\" data-sstype=\"layer\"><div id=\"n2-ss-4item1\" class=\"n2-font-bcd8d00e0ecd87b0a7a397f0976e2a73-hover n2-style-76e7a264f1f6636656bb3b9fc789434c-heading   n2-ss-item-content n2-ss-text n2-ow\" style=\"display:block;\">\u201cAnders sehen \u2013 inklusiv gestalten\u201d: Eine Br\u00fcckenbauerin f\u00fcr Bonn<\/div><\/div><div class=\"n2-ss-layer n2-ow n-uc-480KCcxid96v\" data-pm=\"normal\" data-hidetabletportrait=\"1\" data-hidemobileportrait=\"1\" data-sstype=\"layer\"><div class=\"n2-ss-item-content n2-ss-text n2-ow-all\"><div class=\"\"><p class=\"n2-font-57d6bd25b103bcc412efc1ac8aeddf6e-paragraph  n2-style-c823eb7b190a13cf0f47ee9dafb1f75e-heading  \">Seit 1997 lebt Gergana Ghanbarian-Baleva in Bonn. Sie ist eine der erfahrensten Sprachmittlerinnen im Pool des Amts f\u00fcr Integration und Vielfalt in Bonn. Seit diesem Juli ist sie zudem im Vorstand des Vereins Netzwerk politikIatelier e.V. aktiv. Au\u00dferdem leitet die geb\u00fcrtige Bulgarin das Bonner Projekt \u201eAnders sehen \u2013 inklusiv gestalten\u201c. <\/p>\n<\/div><\/div><\/div><div class=\"n2-ss-layer n2-ow n-uc-Azt6MwqdoDwR n2-ss-layer--auto\" data-pm=\"normal\" data-sstype=\"layer\"><div class=\"n2-ss-button-container n2-ss-item-content n2-ow n2-font-b8731f671da15d45a26c31120908b21c-link  n2-ss-nowrap n2-ss-button-container--non-full-width\"><a class=\"n2-style-1fd44297f0287536c02daff532d14ff1-heading  n2-ow \" href=\"https:\/\/diegrenze.org\/?p=1022\"><div><div>Mehr lesen<\/div><\/div><\/a><\/div><\/div><\/div><\/div><\/div><\/div><\/div><div data-slide-duration=\"0\" data-id=\"49\" data-slide-public-id=\"2\" data-title=\"The Dorm Room macht die bengalische Bandkultur in Deutschland sichtbar!\" class=\"n2-ss-slide n2-ow  n2-ss-slide-49\"><div role=\"note\" class=\"n2-ss-slide--focus\" tabindex=\"-1\">The Dorm Room macht die bengalische Bandkultur in Deutschland sichtbar!<\/div><div class=\"n2-ss-layers-container n2-ss-slide-limiter n2-ow\"><div class=\"n2-ss-layer n2-ow n-uc-1EOqEkCs1ota\" data-sstype=\"slide\" data-pm=\"default\"><div class=\"n2-ss-layer n2-ow n-uc-jVnnXzNOLl6e\" data-pm=\"default\" data-sstype=\"content\" data-hasbackground=\"0\"><div class=\"n2-ss-section-main-content n2-ss-layer-with-background n2-ss-layer-content n2-ow n-uc-jVnnXzNOLl6e-inner\"><div class=\"n2-ss-layer n2-ow n-uc-eSxGh7mNgNmk\" data-pm=\"normal\" data-sstype=\"layer\"><div id=\"n2-ss-4item4\" class=\"n2-font-bcd8d00e0ecd87b0a7a397f0976e2a73-hover n2-style-de9282db16e431b63ca75e18eadcf1d6-heading   n2-ss-item-content n2-ss-text n2-ow\" style=\"display:block;\">The Dorm Room macht die bengalische Bandkultur in Deutschland sichtbar!<\/div><\/div><div class=\"n2-ss-layer n2-ow n-uc-Ac1lPw9IGmI0\" data-pm=\"normal\" data-hidetabletportrait=\"1\" data-hidemobileportrait=\"1\" data-sstype=\"layer\"><div class=\"n2-ss-item-content n2-ss-text n2-ow-all\"><div class=\"\"><p class=\"n2-font-57d6bd25b103bcc412efc1ac8aeddf6e-paragraph  n2-style-be1fa4fd0edf64f6e69fe36152cd5ab7-heading  \">Heute leben Tausende Studierende aus Bangladesch in Deutschland. Neben ihrem Studium oder ihrer beruflichen T\u00e4tigkeit entwickeln viele von ihnen verschiedene Initiativen. Einige betreiben lokale Gastst\u00e4tten oder Boutiquen. Manche schreiben, andere malen. Einige machen Musik und spielen. Eine solche Initiative ist die neue Band The DormRoom. <\/p>\n<\/div><\/div><\/div><div class=\"n2-ss-layer n2-ow n-uc-89XaTMcvYg2X n2-ss-layer--auto\" data-pm=\"normal\" data-sstype=\"layer\"><div class=\"n2-ss-button-container n2-ss-item-content n2-ow n2-font-b8731f671da15d45a26c31120908b21c-link  n2-ss-nowrap n2-ss-button-container--non-full-width\"><a class=\"n2-style-0b9b8ecfbc7ce7b7cd5ce6d8433278cd-heading  n2-ow \" href=\"https:\/\/diegrenze.org\/?p=979\"><div><div>Mehr lesen<\/div><\/div><\/a><\/div><\/div><\/div><\/div><\/div><\/div><\/div><div data-slide-duration=\"0\" data-id=\"45\" data-slide-public-id=\"3\" data-title=\"MSOs sollen aktiver in politische Entscheidungsprozesse einbezogen werden\" class=\"n2-ss-slide n2-ow  n2-ss-slide-45\"><div role=\"note\" class=\"n2-ss-slide--focus\" tabindex=\"-1\">MSOs sollen aktiver in politische Entscheidungsprozesse einbezogen werden<\/div><div class=\"n2-ss-layers-container n2-ss-slide-limiter n2-ow\"><div class=\"n2-ss-layer n2-ow n-uc-iJYTTkfzgUSl\" data-sstype=\"slide\" data-pm=\"default\"><div class=\"n2-ss-layer n2-ow n-uc-75mgC9nwqsWy\" data-pm=\"default\" data-sstype=\"content\" data-hasbackground=\"0\"><div class=\"n2-ss-section-main-content n2-ss-layer-with-background n2-ss-layer-content n2-ow n-uc-75mgC9nwqsWy-inner\"><div class=\"n2-ss-layer n2-ow n-uc-6mqHGDXPMQ5C\" data-pm=\"normal\" data-sstype=\"layer\"><div id=\"n2-ss-4item7\" class=\"n2-font-0543038e23a45a85aa597873f8a8755b-hover n2-style-8e6d41bd66f03e8e429d1c85700e652c-heading   n2-ss-item-content n2-ss-text n2-ow\" style=\"display:block;\">MSOs sollen aktiver in politische Entscheidungsprozesse einbezogen werden<\/div><\/div><div class=\"n2-ss-layer n2-ow n-uc-Ox7lE7TZm46Z\" data-pm=\"normal\" data-hidetabletportrait=\"1\" data-hidemobileportrait=\"1\" data-sstype=\"layer\"><div class=\"n2-ss-item-content n2-ss-text n2-ow-all\"><div class=\"\"><p class=\"n2-font-dea5afc58c295ba9bc5e343057ce13f7-paragraph  n2-style-696b914b0b0761e743325f5918526e86-heading  \">Vanessa P\u00fcllen ist seit Mai 2023 beim Netzwerk politik|atelier e.V. als Eine-Welt-Regionalpromotorin f\u00fcr die Beratung und Vernetzung zivilgesellschaftlicher Organisationen in Bonn und der Region zust\u00e4ndig. Im Rahmen ihrer T\u00e4tigkeit initiiert und begleitet sie zudem entwicklungspolitische und interkulturelle Projekte und zeigt Alternativen f\u00fcr eine zukunftsf\u00e4hige Gesellschaft auf. Im Interview mit Die Grenze erz\u00e4hlt sie mehr \u00fcber ihre Arbeit und die Rolle migrantischer Akteure.<\/p>\n<\/div><\/div><\/div><div class=\"n2-ss-layer n2-ow n-uc-eWYfqJ0SG6uL n2-ss-layer--auto\" data-pm=\"normal\" data-sstype=\"layer\"><div class=\"n2-ss-button-container n2-ss-item-content n2-ow n2-font-176464dee0eea5b1ac11b21dab9b24d2-link  n2-ss-nowrap n2-ss-button-container--non-full-width\"><a class=\"n2-style-1fd44297f0287536c02daff532d14ff1-heading  n2-ow \" href=\"https:\/\/diegrenze.org\/?p=937\"><div><div>Read more<\/div><\/div><\/a><\/div><\/div><\/div><\/div><\/div><\/div><\/div><div data-slide-duration=\"0\" data-id=\"43\" data-slide-public-id=\"4\" data-title=\",,Zahlreiche deutsche NGOs bieten Studierenden eine Chance.\u201c\" class=\"n2-ss-slide n2-ow  n2-ss-slide-43\"><div role=\"note\" class=\"n2-ss-slide--focus\" tabindex=\"-1\">,,Zahlreiche deutsche NGOs bieten Studierenden eine Chance.\u201c<\/div><div class=\"n2-ss-layers-container n2-ss-slide-limiter n2-ow\"><div class=\"n2-ss-layer n2-ow n-uc-rqlHU3IJWPdz\" data-sstype=\"slide\" data-pm=\"default\"><div class=\"n2-ss-layer n2-ow n-uc-gZfAKATQv3IP\" data-pm=\"default\" data-sstype=\"content\" data-hasbackground=\"0\"><div class=\"n2-ss-section-main-content n2-ss-layer-with-background n2-ss-layer-content n2-ow n-uc-gZfAKATQv3IP-inner\"><div class=\"n2-ss-layer n2-ow n-uc-Keu94qQ5ZryN\" data-pm=\"normal\" data-sstype=\"layer\"><div id=\"n2-ss-4item10\" class=\"n2-font-c585e11820b4064788f3a259bcacbeb0-hover n2-style-d8a874ddfad7328e274d9e50ca76d5e4-heading   n2-ss-item-content n2-ss-text n2-ow\" style=\"display:block;\">,,Zahlreiche deutsche NGOs bieten Studierenden eine Chance.\u201c<\/div><\/div><div class=\"n2-ss-layer n2-ow n-uc-TKZepbBT4flH\" data-pm=\"normal\" data-hidemobileportrait=\"1\" data-sstype=\"layer\"><div class=\"n2-ss-item-content n2-ss-text n2-ow-all\"><div class=\"\"><p class=\"n2-font-ec74b6894041257972ae22d4a2b75dd9-paragraph  n2-style-f10550edc68c4282b6ea5ec04d6b029e-heading  \">Tamanna Yasmin hat die H\u00e4lfte ihres Lebens in Deutschland, in der Stadt Bonn, verbracht. Nach ihrer Heirat mit ihrem Mann Al Beruni kam sie nach Deutschland, um an der Hochschule Bonn-Rhein-Sieg zu studieren. Vor drei Jahren gr\u00fcndeten sie den Verein Tomorrow Together. <\/p>\n<\/div><\/div><\/div><div class=\"n2-ss-layer n2-ow n-uc-VrTT36L3HAE1 n2-ss-layer--auto\" data-pm=\"normal\" data-sstype=\"layer\"><div class=\"n2-ss-button-container n2-ss-item-content n2-ow n2-font-176464dee0eea5b1ac11b21dab9b24d2-link  n2-ss-nowrap n2-ss-button-container--non-full-width\"><a class=\"n2-style-0b9b8ecfbc7ce7b7cd5ce6d8433278cd-heading  n2-ow \" href=\"https:\/\/diegrenze.org\/?p=884\"><div><div>Read more<\/div><\/div><\/a><\/div><\/div><\/div><\/div><\/div><\/div><\/div><div data-slide-duration=\"0\" data-id=\"38\" data-slide-public-id=\"5\" data-title=\"\u201eBonner Ausl\u00e4nderamt soll viel mehr Personal einsetzen\u201c\" class=\"n2-ss-slide n2-ow  n2-ss-slide-38\"><div role=\"note\" class=\"n2-ss-slide--focus\" tabindex=\"-1\">\u201eBonner Ausl\u00e4nderamt soll viel mehr Personal einsetzen\u201c<\/div><div class=\"n2-ss-layers-container n2-ss-slide-limiter n2-ow\"><div class=\"n2-ss-layer n2-ow n-uc-1mnK3PHHP3oS\" data-sstype=\"slide\" data-pm=\"default\"><div class=\"n2-ss-layer n2-ow n-uc-OHdnayQgrh62\" data-pm=\"default\" data-sstype=\"content\" data-hasbackground=\"0\"><div class=\"n2-ss-section-main-content n2-ss-layer-with-background n2-ss-layer-content n2-ow n-uc-OHdnayQgrh62-inner\"><div class=\"n2-ss-layer n2-ow n-uc-uAGC3M5Ry75f\" data-pm=\"normal\" data-sstype=\"layer\"><div id=\"n2-ss-4item13\" class=\"n2-font-bcd8d00e0ecd87b0a7a397f0976e2a73-hover n2-style-e28ebe3de3c980404f7cbbc84d4576d9-heading   n2-ss-item-content n2-ss-text n2-ow\" style=\"display:block;\">\u201eBonner Ausl\u00e4nderamt soll viel mehr Personal einsetzen\u201c<\/div><\/div><div class=\"n2-ss-layer n2-ow n-uc-ShXw9qU92SpC\" data-pm=\"normal\" data-hidetabletportrait=\"1\" data-hidemobileportrait=\"1\" data-sstype=\"layer\"><div class=\"n2-ss-item-content n2-ss-text n2-ow-all\"><div class=\"\"><p class=\"n2-font-9df1cd7415b0e66340a2159bf6aa0eba-paragraph  n2-style-da6a595600b7afc5c98d0b13614bff19-heading  \">Mousa Acharki lebt seit \u00fcber 40 Jahren in Deutschland. Der geb\u00fcrtige Marokkaner vertritt seit 15 Jahren seine lokale politische Partei im Integrationsrat Bonn.<\/p>\n<\/div><\/div><\/div><div class=\"n2-ss-layer n2-ow n-uc-bNyoovhzW9QO n2-ss-layer--auto\" data-pm=\"normal\" data-sstype=\"layer\"><div class=\"n2-ss-button-container n2-ss-item-content n2-ow n2-font-09c529dccdda355cd9b84b19ed0173b7-link  n2-ss-nowrap n2-ss-button-container--non-full-width\"><a class=\"n2-style-1fd44297f0287536c02daff532d14ff1-heading  n2-ow \" href=\"https:\/\/diegrenze.org\/?p=808\"><div><div>mehr lesen<\/div><\/div><\/a><\/div><\/div><\/div><\/div><\/div><\/div><\/div>                    <\/div>\n\n                                    <\/div>\n            <\/div>\n        <\/div>\n        <div class=\"n2-ss-slider-controls n2-ss-slider-controls-absolute-left-center\"><div style=\"--widget-offset:15px;\" class=\"n2-ss-widget nextend-arrow n2-ow-all nextend-arrow-previous  nextend-arrow-animated-fade\" data-hide-mobileportrait=\"1\" id=\"n2-ss-4-arrow-previous\" role=\"button\" aria-label=\"previous arrow\" tabindex=\"0\"><img loading=\"lazy\" decoding=\"async\" width=\"32\" height=\"32\" class=\"skip-lazy\" data-skip-lazy=\"1\" src=\"data:image\/svg+xml;base64,PHN2ZyB3aWR0aD0iMzIiIGhlaWdodD0iMzIiIHZpZXdCb3g9IjAgMCAzMiAzMiIgeG1sbnM9Imh0dHA6Ly93d3cudzMub3JnLzIwMDAvc3ZnIj4KICAgIDxwYXRoIGQ9Ik0xMS40MzMgMTUuOTkyTDIyLjY5IDUuNzEyYy4zOTMtLjM5LjM5My0xLjAzIDAtMS40Mi0uMzkzLS4zOS0xLjAzLS4zOS0xLjQyMyAwbC0xMS45OCAxMC45NGMtLjIxLjIxLS4zLjQ5LS4yODUuNzYtLjAxNS4yOC4wNzUuNTYuMjg0Ljc3bDExLjk4IDEwLjk0Yy4zOTMuMzkgMS4wMy4zOSAxLjQyNCAwIC4zOTMtLjQuMzkzLTEuMDMgMC0xLjQybC0xMS4yNTctMTAuMjkiCiAgICAgICAgICBmaWxsPSIjZmZmZmZmIiBvcGFjaXR5PSIwLjgiIGZpbGwtcnVsZT0iZXZlbm9kZCIvPgo8L3N2Zz4=\" alt=\"previous arrow\"><\/div><\/div><div class=\"n2-ss-slider-controls n2-ss-slider-controls-absolute-right-center\"><div style=\"--widget-offset:15px;\" class=\"n2-ss-widget nextend-arrow n2-ow-all nextend-arrow-next  nextend-arrow-animated-fade\" data-hide-mobileportrait=\"1\" id=\"n2-ss-4-arrow-next\" role=\"button\" aria-label=\"next arrow\" tabindex=\"0\"><img loading=\"lazy\" decoding=\"async\" width=\"32\" height=\"32\" class=\"skip-lazy\" data-skip-lazy=\"1\" src=\"data:image\/svg+xml;base64,PHN2ZyB3aWR0aD0iMzIiIGhlaWdodD0iMzIiIHZpZXdCb3g9IjAgMCAzMiAzMiIgeG1sbnM9Imh0dHA6Ly93d3cudzMub3JnLzIwMDAvc3ZnIj4KICAgIDxwYXRoIGQ9Ik0xMC43MjIgNC4yOTNjLS4zOTQtLjM5LTEuMDMyLS4zOS0xLjQyNyAwLS4zOTMuMzktLjM5MyAxLjAzIDAgMS40MmwxMS4yODMgMTAuMjgtMTEuMjgzIDEwLjI5Yy0uMzkzLjM5LS4zOTMgMS4wMiAwIDEuNDIuMzk1LjM5IDEuMDMzLjM5IDEuNDI3IDBsMTIuMDA3LTEwLjk0Yy4yMS0uMjEuMy0uNDkuMjg0LS43Ny4wMTQtLjI3LS4wNzYtLjU1LS4yODYtLjc2TDEwLjcyIDQuMjkzeiIKICAgICAgICAgIGZpbGw9IiNmZmZmZmYiIG9wYWNpdHk9IjAuOCIgZmlsbC1ydWxlPSJldmVub2RkIi8+Cjwvc3ZnPg==\" alt=\"next arrow\"><\/div><\/div><div class=\"n2-ss-slider-controls n2-ss-slider-controls-absolute-center-bottom\"><div style=\"--widget-offset:10px;\" class=\"n2-ss-widget n2-ss-control-bullet n2-ow-all n2-ss-control-bullet-horizontal\" data-hide-desktopportrait=\"1\" data-hide-tabletportrait=\"1\"><div class=\" nextend-bullet-bar n2-bar-justify-content-center\" role=\"group\" aria-label=\"Choose slide to display.\"><div class=\"n2-bullet n2-style-0b1501f187dd486f0b3833aafb1a1b8d-dot \" style=\"visibility:hidden;\"><\/div><\/div><\/div><\/div><\/div><\/div><ss3-loader><\/ss3-loader><\/div><\/div><div class=\"n2_clear\"><\/div><\/div><\/ss3-force-full-width><\/div>","protected":false},"excerpt":{"rendered":"","protected":false},"author":1,"featured_media":0,"parent":0,"menu_order":0,"comment_status":"closed","ping_status":"closed","template":"","meta":{"om_disable_all_campaigns":false,"_monsterinsights_skip_tracking":false,"_monsterinsights_sitenote_active":false,"_monsterinsights_sitenote_note":"","_monsterinsights_sitenote_category":0,"footnotes":""},"class_list":["post-51","page","type-page","status-publish","hentry"],"aioseo_notices":[],"_links":{"self":[{"href":"https:\/\/diegrenze.org\/index.php?rest_route=\/wp\/v2\/pages\/51","targetHints":{"allow":["GET"]}}],"collection":[{"href":"https:\/\/diegrenze.org\/index.php?rest_route=\/wp\/v2\/pages"}],"about":[{"href":"https:\/\/diegrenze.org\/index.php?rest_route=\/wp\/v2\/types\/page"}],"author":[{"embeddable":true,"href":"https:\/\/diegrenze.org\/index.php?rest_route=\/wp\/v2\/users\/1"}],"replies":[{"embeddable":true,"href":"https:\/\/diegrenze.org\/index.php?rest_route=%2Fwp%2Fv2%2Fcomments&post=51"}],"version-history":[{"count":9,"href":"https:\/\/diegrenze.org\/index.php?rest_route=\/wp\/v2\/pages\/51\/revisions"}],"predecessor-version":[{"id":212,"href":"https:\/\/diegrenze.org\/index.php?rest_route=\/wp\/v2\/pages\/51\/revisions\/212"}],"wp:attachment":[{"href":"https:\/\/diegrenze.org\/index.php?rest_route=%2Fwp%2Fv2%2Fmedia&parent=51"}],"curies":[{"name":"wp","href":"https:\/\/api.w.org\/{rel}","templated":true}]}}